{"id":2099,"date":"2023-04-27T10:54:41","date_gmt":"2023-04-27T10:54:41","guid":{"rendered":"https:\/\/acuacomercio.es\/?page_id=2099"},"modified":"2023-04-27T14:42:56","modified_gmt":"2023-04-27T14:42:56","slug":"imagen-corporativa","status":"publish","type":"page","link":"https:\/\/acuacomercio.es\/?page_id=2099","title":{"rendered":"Imagen Corporativa"},"content":{"rendered":"<p><div class=\"fusion-fullwidth fullwidth-box fusion-builder-row-1 fusion-flex-container has-pattern-background has-mask-background nonhundred-percent-fullwidth non-hundred-percent-height-scrolling\" style=\"--awb-border-radius-top-left:0px;--awb-border-radius-top-right:0px;--awb-border-radius-bottom-right:0px;--awb-border-radius-bottom-left:0px;\" ><div class=\"fusion-builder-row fusion-row fusion-flex-align-items-flex-start\" style=\"max-width:1302px;margin-left: calc(-5% \/ 2 );margin-right: calc(-5% \/ 2 );\"><div class=\"fusion-layout-column fusion_builder_column fusion-builder-column-0 fusion_builder_column_1_1 1_1 fusion-flex-column\" style=\"--awb-bg-size:cover;--awb-width-large:100%;--awb-margin-top-large:0px;--awb-spacing-right-large:2.375%;--awb-margin-bottom-large:0px;--awb-spacing-left-large:2.375%;--awb-width-medium:100%;--awb-order-medium:0;--awb-spacing-right-medium:2.375%;--awb-spacing-left-medium:2.375%;--awb-width-small:100%;--awb-order-small:0;--awb-spacing-right-small:2.375%;--awb-spacing-left-small:2.375%;\"><div class=\"fusion-column-wrapper fusion-column-has-shadow fusion-flex-justify-content-flex-start fusion-content-layout-column\"><div class=\"fusion-text fusion-text-1\"><p>Imagen corporativa de la <strong>Asociaci\u00f3n de Comerciantes Unidos de Alicante ACUA<\/strong>, una entidad que lleva m\u00e1s de <strong>25 a\u00f1os apoyando al comercio local<\/strong> en la ciudad. Su nuevo logotipo, que se estren\u00f3 en enero de 2022, representa el agua y la transparencia, valores que definen a esta asociaci\u00f3n. El logotipo fue elegido mediante un proceso participativo entre los asociados, y cuenta con el respaldo de Uni\u00f3 Gremial.<\/p>\n<p>Si quieres descargar el logotipo en diferentes formatos, puedes hacer clic en los siguientes enlaces:<\/p>\n<\/div><\/div><\/div><\/div><\/div><div class=\"fusion-fullwidth fullwidth-box fusion-builder-row-2 fusion-flex-container has-pattern-background has-mask-background nonhundred-percent-fullwidth non-hundred-percent-height-scrolling\" style=\"--awb-border-radius-top-left:0px;--awb-border-radius-top-right:0px;--awb-border-radius-bottom-right:0px;--awb-border-radius-bottom-left:0px;\" ><div class=\"fusion-builder-row fusion-row fusion-flex-align-items-flex-start\" style=\"max-width:1302px;margin-left: calc(-5% \/ 2 );margin-right: calc(-5% \/ 2 );\"><div class=\"fusion-layout-column fusion_builder_column fusion-builder-column-1 fusion_builder_column_1_4 1_4 fusion-flex-column\" style=\"--awb-bg-size:cover;--awb-width-large:25%;--awb-margin-top-large:0px;--awb-spacing-right-large:9.5%;--awb-margin-bottom-large:0px;--awb-spacing-left-large:9.5%;--awb-width-medium:25%;--awb-order-medium:0;--awb-spacing-right-medium:9.5%;--awb-spacing-left-medium:9.5%;--awb-width-small:100%;--awb-order-small:0;--awb-spacing-right-small:2.375%;--awb-spacing-left-small:2.375%;\"><div class=\"fusion-column-wrapper fusion-column-has-shadow fusion-flex-justify-content-flex-start fusion-content-layout-column\"><div class=\"fusion-image-element \" style=\"--awb-caption-title-font-family:var(--h2_typography-font-family);--awb-caption-title-font-weight:var(--h2_typography-font-weight);--awb-caption-title-font-style:var(--h2_typography-font-style);--awb-caption-title-size:var(--h2_typography-font-size);--awb-caption-title-transform:var(--h2_typography-text-transform);--awb-caption-title-line-height:var(--h2_typography-line-height);--awb-caption-title-letter-spacing:var(--h2_typography-letter-spacing);\"><span class=\" fusion-imageframe imageframe-none imageframe-1 hover-type-none\" class=\"image-scroll\"><a class=\"fusion-no-lightbox\" href=\"http:\/\/acuacomercio.es\/wp-content\/uploads\/2023\/04\/acua1-1.png\" target=\"_self\" aria-label=\"acua1\"><img decoding=\"async\" width=\"993\" height=\"994\" src=\"https:\/\/acuacomercio.es\/wp-content\/uploads\/2023\/04\/acua1-1.png\" data-orig-src=\"http:\/\/acuacomercio.es\/wp-content\/uploads\/2023\/04\/acua1-1.png\" alt class=\"lazyload img-responsive wp-image-2106\" srcset=\"data:image\/svg+xml,%3Csvg%20xmlns%3D%27http%3A%2F%2Fwww.w3.org%2F2000%2Fsvg%27%20width%3D%27993%27%20height%3D%27994%27%20viewBox%3D%270%200%20993%20994%27%3E%3Crect%20width%3D%27993%27%20height%3D%27994%27%20fill-opacity%3D%220%22%2F%3E%3C%2Fsvg%3E\" data-srcset=\"https:\/\/acuacomercio.es\/wp-content\/uploads\/2023\/04\/acua1-1-200x200.png 200w, https:\/\/acuacomercio.es\/wp-content\/uploads\/2023\/04\/acua1-1-400x400.png 400w, https:\/\/acuacomercio.es\/wp-content\/uploads\/2023\/04\/acua1-1-600x601.png 600w, https:\/\/acuacomercio.es\/wp-content\/uploads\/2023\/04\/acua1-1-800x801.png 800w, https:\/\/acuacomercio.es\/wp-content\/uploads\/2023\/04\/acua1-1.png 993w\" data-sizes=\"auto\" data-orig-sizes=\"(max-width: 800px) 100vw, 400px\" \/><\/a><\/span><\/div><div ><a class=\"fusion-button button-flat button-small button-default fusion-button-default button-1 fusion-button-default-span fusion-button-default-type\" style=\"--button_margin-top:10px;\" target=\"_self\" href=\"http:\/\/acuacomercio.es\/wp-content\/uploads\/2023\/04\/ACUA-1.pdf\"><span class=\"fusion-button-text\">Descargar en formato vectorial (.PDF)<\/span><\/a><\/div><\/div><\/div><div class=\"fusion-layout-column fusion_builder_column fusion-builder-column-2 fusion_builder_column_1_4 1_4 fusion-flex-column\" style=\"--awb-bg-size:cover;--awb-width-large:25%;--awb-margin-top-large:0px;--awb-spacing-right-large:9.5%;--awb-margin-bottom-large:0px;--awb-spacing-left-large:9.5%;--awb-width-medium:25%;--awb-order-medium:0;--awb-spacing-right-medium:9.5%;--awb-spacing-left-medium:9.5%;--awb-width-small:100%;--awb-order-small:0;--awb-spacing-right-small:2.375%;--awb-spacing-left-small:2.375%;\"><div class=\"fusion-column-wrapper fusion-column-has-shadow fusion-flex-justify-content-flex-start fusion-content-layout-column\"><div class=\"fusion-image-element \" style=\"--awb-caption-title-font-family:var(--h2_typography-font-family);--awb-caption-title-font-weight:var(--h2_typography-font-weight);--awb-caption-title-font-style:var(--h2_typography-font-style);--awb-caption-title-size:var(--h2_typography-font-size);--awb-caption-title-transform:var(--h2_typography-text-transform);--awb-caption-title-line-height:var(--h2_typography-line-height);--awb-caption-title-letter-spacing:var(--h2_typography-letter-spacing);\"><span class=\" fusion-imageframe imageframe-none imageframe-2 hover-type-none\" class=\"image-scroll\"><a class=\"fusion-no-lightbox\" href=\"http:\/\/acuacomercio.es\/wp-content\/uploads\/2023\/04\/acua2.png\" target=\"_self\" aria-label=\"acua2\"><img decoding=\"async\" width=\"993\" height=\"993\" src=\"https:\/\/acuacomercio.es\/wp-content\/uploads\/2023\/04\/acua2.png\" data-orig-src=\"http:\/\/acuacomercio.es\/wp-content\/uploads\/2023\/04\/acua2.png\" alt class=\"lazyload img-responsive wp-image-2107\" srcset=\"data:image\/svg+xml,%3Csvg%20xmlns%3D%27http%3A%2F%2Fwww.w3.org%2F2000%2Fsvg%27%20width%3D%27993%27%20height%3D%27993%27%20viewBox%3D%270%200%20993%20993%27%3E%3Crect%20width%3D%27993%27%20height%3D%27993%27%20fill-opacity%3D%220%22%2F%3E%3C%2Fsvg%3E\" data-srcset=\"https:\/\/acuacomercio.es\/wp-content\/uploads\/2023\/04\/acua2-200x200.png 200w, https:\/\/acuacomercio.es\/wp-content\/uploads\/2023\/04\/acua2-400x400.png 400w, https:\/\/acuacomercio.es\/wp-content\/uploads\/2023\/04\/acua2-600x600.png 600w, https:\/\/acuacomercio.es\/wp-content\/uploads\/2023\/04\/acua2-800x800.png 800w, https:\/\/acuacomercio.es\/wp-content\/uploads\/2023\/04\/acua2.png 993w\" data-sizes=\"auto\" data-orig-sizes=\"(max-width: 800px) 100vw, 400px\" \/><\/a><\/span><\/div><div ><a class=\"fusion-button button-flat button-small button-default fusion-button-default button-2 fusion-button-default-span fusion-button-default-type\" style=\"--button_margin-top:10px;\" target=\"_self\" href=\"http:\/\/acuacomercio.es\/wp-content\/uploads\/2023\/04\/ACUA-2.pdf\"><span class=\"fusion-button-text\">Descargar en formato vectorial (.PDF)<\/span><\/a><\/div><\/div><\/div><div class=\"fusion-layout-column fusion_builder_column fusion-builder-column-3 fusion_builder_column_1_4 1_4 fusion-flex-column\" style=\"--awb-bg-size:cover;--awb-width-large:25%;--awb-margin-top-large:0px;--awb-spacing-right-large:9.5%;--awb-margin-bottom-large:0px;--awb-spacing-left-large:9.5%;--awb-width-medium:25%;--awb-order-medium:0;--awb-spacing-right-medium:9.5%;--awb-spacing-left-medium:9.5%;--awb-width-small:100%;--awb-order-small:0;--awb-spacing-right-small:2.375%;--awb-spacing-left-small:2.375%;\"><div class=\"fusion-column-wrapper fusion-column-has-shadow fusion-flex-justify-content-flex-start fusion-content-layout-column\"><div class=\"fusion-image-element \" style=\"--awb-caption-title-font-family:var(--h2_typography-font-family);--awb-caption-title-font-weight:var(--h2_typography-font-weight);--awb-caption-title-font-style:var(--h2_typography-font-style);--awb-caption-title-size:var(--h2_typography-font-size);--awb-caption-title-transform:var(--h2_typography-text-transform);--awb-caption-title-line-height:var(--h2_typography-line-height);--awb-caption-title-letter-spacing:var(--h2_typography-letter-spacing);\"><span class=\" fusion-imageframe imageframe-none imageframe-3 hover-type-none\" class=\"image-scroll\"><a class=\"fusion-no-lightbox\" href=\"http:\/\/acuacomercio.es\/wp-content\/uploads\/2023\/04\/acua3.png\" target=\"_self\" aria-label=\"acua3\"><img decoding=\"async\" width=\"994\" height=\"993\" src=\"https:\/\/acuacomercio.es\/wp-content\/uploads\/2023\/04\/acua3.png\" data-orig-src=\"http:\/\/acuacomercio.es\/wp-content\/uploads\/2023\/04\/acua3.png\" alt class=\"lazyload img-responsive wp-image-2108\" srcset=\"data:image\/svg+xml,%3Csvg%20xmlns%3D%27http%3A%2F%2Fwww.w3.org%2F2000%2Fsvg%27%20width%3D%27994%27%20height%3D%27993%27%20viewBox%3D%270%200%20994%20993%27%3E%3Crect%20width%3D%27994%27%20height%3D%27993%27%20fill-opacity%3D%220%22%2F%3E%3C%2Fsvg%3E\" data-srcset=\"https:\/\/acuacomercio.es\/wp-content\/uploads\/2023\/04\/acua3-200x200.png 200w, https:\/\/acuacomercio.es\/wp-content\/uploads\/2023\/04\/acua3-400x400.png 400w, https:\/\/acuacomercio.es\/wp-content\/uploads\/2023\/04\/acua3-600x599.png 600w, https:\/\/acuacomercio.es\/wp-content\/uploads\/2023\/04\/acua3-800x799.png 800w, https:\/\/acuacomercio.es\/wp-content\/uploads\/2023\/04\/acua3.png 994w\" data-sizes=\"auto\" data-orig-sizes=\"(max-width: 800px) 100vw, 400px\" \/><\/a><\/span><\/div><div ><a class=\"fusion-button button-flat button-small button-default fusion-button-default button-3 fusion-button-default-span fusion-button-default-type\" style=\"--button_margin-top:10px;\" target=\"_self\" href=\"http:\/\/acuacomercio.es\/wp-content\/uploads\/2023\/04\/ACUA-3.pdf\"><span class=\"fusion-button-text\">Descargar en formato vectorial (.PDF)<\/span><\/a><\/div><\/div><\/div><div class=\"fusion-layout-column fusion_builder_column fusion-builder-column-4 fusion_builder_column_1_4 1_4 fusion-flex-column\" style=\"--awb-bg-size:cover;--awb-width-large:25%;--awb-margin-top-large:0px;--awb-spacing-right-large:9.5%;--awb-margin-bottom-large:0px;--awb-spacing-left-large:9.5%;--awb-width-medium:25%;--awb-order-medium:0;--awb-spacing-right-medium:9.5%;--awb-spacing-left-medium:9.5%;--awb-width-small:100%;--awb-order-small:0;--awb-spacing-right-small:2.375%;--awb-spacing-left-small:2.375%;\"><div class=\"fusion-column-wrapper fusion-column-has-shadow fusion-flex-justify-content-flex-start fusion-content-layout-column\"><div class=\"fusion-image-element \" style=\"--awb-caption-title-font-family:var(--h2_typography-font-family);--awb-caption-title-font-weight:var(--h2_typography-font-weight);--awb-caption-title-font-style:var(--h2_typography-font-style);--awb-caption-title-size:var(--h2_typography-font-size);--awb-caption-title-transform:var(--h2_typography-text-transform);--awb-caption-title-line-height:var(--h2_typography-line-height);--awb-caption-title-letter-spacing:var(--h2_typography-letter-spacing);\"><span class=\" fusion-imageframe imageframe-none imageframe-4 hover-type-none\" class=\"image-scroll\"><a class=\"fusion-no-lightbox\" href=\"http:\/\/acuacomercio.es\/wp-content\/uploads\/2023\/04\/acua4.png\" target=\"_self\" aria-label=\"acua4\"><img decoding=\"async\" width=\"991\" height=\"990\" src=\"https:\/\/acuacomercio.es\/wp-content\/uploads\/2023\/04\/acua4.png\" data-orig-src=\"http:\/\/acuacomercio.es\/wp-content\/uploads\/2023\/04\/acua4.png\" alt class=\"lazyload img-responsive wp-image-2109\" srcset=\"data:image\/svg+xml,%3Csvg%20xmlns%3D%27http%3A%2F%2Fwww.w3.org%2F2000%2Fsvg%27%20width%3D%27991%27%20height%3D%27990%27%20viewBox%3D%270%200%20991%20990%27%3E%3Crect%20width%3D%27991%27%20height%3D%27990%27%20fill-opacity%3D%220%22%2F%3E%3C%2Fsvg%3E\" data-srcset=\"https:\/\/acuacomercio.es\/wp-content\/uploads\/2023\/04\/acua4-200x200.png 200w, https:\/\/acuacomercio.es\/wp-content\/uploads\/2023\/04\/acua4-400x400.png 400w, https:\/\/acuacomercio.es\/wp-content\/uploads\/2023\/04\/acua4-600x599.png 600w, https:\/\/acuacomercio.es\/wp-content\/uploads\/2023\/04\/acua4-800x799.png 800w, https:\/\/acuacomercio.es\/wp-content\/uploads\/2023\/04\/acua4.png 991w\" data-sizes=\"auto\" data-orig-sizes=\"(max-width: 800px) 100vw, 400px\" \/><\/a><\/span><\/div><div ><a class=\"fusion-button button-flat button-small button-default fusion-button-default button-4 fusion-button-default-span fusion-button-default-type\" style=\"--button_margin-top:10px;\" target=\"_self\" href=\"http:\/\/acuacomercio.es\/wp-content\/uploads\/2023\/04\/ACUA-4.pdf\"><span class=\"fusion-button-text\">Descargar en formato vectorial (.PDF)<\/span><\/a><\/div><\/div><\/div><\/div><\/div><\/p>\n","protected":false},"excerpt":{"rendered":"","protected":false},"author":1,"featured_media":0,"parent":0,"menu_order":0,"comment_status":"closed","ping_status":"closed","template":"","meta":{"_bbp_topic_count":0,"_bbp_reply_count":0,"_bbp_total_topic_count":0,"_bbp_total_reply_count":0,"_bbp_voice_count":0,"_bbp_anonymous_reply_count":0,"_bbp_topic_count_hidden":0,"_bbp_reply_count_hidden":0,"_bbp_forum_subforum_count":0,"footnotes":""},"acf":[],"_links":{"self":[{"href":"https:\/\/acuacomercio.es\/index.php?rest_route=\/wp\/v2\/pages\/2099"}],"collection":[{"href":"https:\/\/acuacomercio.es\/index.php?rest_route=\/wp\/v2\/pages"}],"about":[{"href":"https:\/\/acuacomercio.es\/index.php?rest_route=\/wp\/v2\/types\/page"}],"author":[{"embeddable":true,"href":"https:\/\/acuacomercio.es\/index.php?rest_route=\/wp\/v2\/users\/1"}],"replies":[{"embeddable":true,"href":"https:\/\/acuacomercio.es\/index.php?rest_route=%2Fwp%2Fv2%2Fcomments&post=2099"}],"version-history":[{"count":13,"href":"https:\/\/acuacomercio.es\/index.php?rest_route=\/wp\/v2\/pages\/2099\/revisions"}],"predecessor-version":[{"id":2125,"href":"https:\/\/acuacomercio.es\/index.php?rest_route=\/wp\/v2\/pages\/2099\/revisions\/2125"}],"wp:attachment":[{"href":"https:\/\/acuacomercio.es\/index.php?rest_route=%2Fwp%2Fv2%2Fmedia&parent=2099"}],"curies":[{"name":"wp","href":"https:\/\/api.w.org\/{rel}","templated":true}]}}