{"id":1542,"date":"2023-03-16T16:53:01","date_gmt":"2023-03-16T16:53:01","guid":{"rendered":"https:\/\/acuacomercio.es\/?page_id=1542"},"modified":"2023-04-28T09:04:19","modified_gmt":"2023-04-28T09:04:19","slug":"about","status":"publish","type":"page","link":"https:\/\/acuacomercio.es\/?page_id=1542","title":{"rendered":"Objetivos"},"content":{"rendered":"<div class=\"fusion-fullwidth fullwidth-box fusion-builder-row-1 fusion-flex-container has-pattern-background has-mask-background nonhundred-percent-fullwidth non-hundred-percent-height-scrolling\" style=\"--awb-border-radius-top-left:0px;--awb-border-radius-top-right:0px;--awb-border-radius-bottom-right:0px;--awb-border-radius-bottom-left:0px;--awb-margin-top:20px;\" ><div class=\"fusion-builder-row fusion-row fusion-flex-align-items-flex-start\" style=\"max-width:1302px;margin-left: calc(-5% \/ 2 );margin-right: calc(-5% \/ 2 );\"><div class=\"fusion-layout-column fusion_builder_column fusion-builder-column-0 fusion_builder_column_1_2 1_2 fusion-flex-column fusion-flex-align-self-stretch\" style=\"--awb-bg-size:cover;--awb-width-large:50%;--awb-margin-top-large:0px;--awb-spacing-right-large:4.75%;--awb-margin-bottom-large:0px;--awb-spacing-left-large:4.75%;--awb-width-medium:50%;--awb-order-medium:0;--awb-spacing-right-medium:4.75%;--awb-spacing-left-medium:4.75%;--awb-width-small:100%;--awb-order-small:0;--awb-spacing-right-small:2.375%;--awb-spacing-left-small:2.375%;\"><div class=\"fusion-column-wrapper fusion-column-has-shadow fusion-flex-justify-content-flex-start fusion-content-layout-column\"><div class=\"fusion-image-element \" style=\"--awb-aspect-ratio: 100 \/ 99;--awb-mask-url: url(https:\/\/acuacomercio.es\/wp-content\/plugins\/fusion-builder\/\/assets\/images\/masks\/mask-7.svg);--awb-mask-size: 550px;--awb-mask-position: top center;--awb-caption-title-font-family:var(--h2_typography-font-family);--awb-caption-title-font-weight:var(--h2_typography-font-weight);--awb-caption-title-font-style:var(--h2_typography-font-style);--awb-caption-title-size:var(--h2_typography-font-size);--awb-caption-title-transform:var(--h2_typography-text-transform);--awb-caption-title-line-height:var(--h2_typography-line-height);--awb-caption-title-letter-spacing:var(--h2_typography-letter-spacing);\"><span class=\" fusion-imageframe imageframe-none imageframe-1 hover-type-none has-mask has-aspect-ratio\" class=\"image-magnify\" class=\"image-scroll\"><img decoding=\"async\" width=\"512\" height=\"512\" title=\"cropped-acua1.png\" src=\"https:\/\/acuacomercio.es\/wp-content\/uploads\/2023\/04\/cropped-acua1.png\" data-orig-src=\"http:\/\/acuacomercio.es\/wp-content\/uploads\/2023\/04\/cropped-acua1.png\" class=\"lazyload img-responsive wp-image-2048 img-with-aspect-ratio\" alt srcset=\"data:image\/svg+xml,%3Csvg%20xmlns%3D%27http%3A%2F%2Fwww.w3.org%2F2000%2Fsvg%27%20width%3D%27512%27%20height%3D%27512%27%20viewBox%3D%270%200%20512%20512%27%3E%3Crect%20width%3D%27512%27%20height%3D%27512%27%20fill-opacity%3D%220%22%2F%3E%3C%2Fsvg%3E\" data-srcset=\"https:\/\/acuacomercio.es\/wp-content\/uploads\/2023\/04\/cropped-acua1-200x200.png 200w, https:\/\/acuacomercio.es\/wp-content\/uploads\/2023\/04\/cropped-acua1-400x400.png 400w, https:\/\/acuacomercio.es\/wp-content\/uploads\/2023\/04\/cropped-acua1.png 512w\" data-sizes=\"auto\" data-orig-sizes=\"(max-width: 800px) 100vw, 512px\" \/><\/span><\/div><\/div><\/div><div class=\"fusion-layout-column fusion_builder_column fusion-builder-column-1 fusion_builder_column_1_2 1_2 fusion-flex-column\" style=\"--awb-bg-size:cover;--awb-width-large:50%;--awb-margin-top-large:0px;--awb-spacing-right-large:4.75%;--awb-margin-bottom-large:0px;--awb-spacing-left-large:4.75%;--awb-width-medium:50%;--awb-order-medium:0;--awb-spacing-right-medium:4.75%;--awb-spacing-left-medium:4.75%;--awb-width-small:100%;--awb-order-small:0;--awb-margin-top-small:35px;--awb-spacing-right-small:2.375%;--awb-spacing-left-small:2.375%;\"><div class=\"fusion-column-wrapper fusion-column-has-shadow fusion-flex-justify-content-flex-start fusion-content-layout-column\"><div class=\"fusion-title title fusion-title-1 fusion-sep-none fusion-title-text fusion-title-size-three\"><h3 class=\"title-heading-left\" style=\"margin:0;text-transform:capitalize;\">Los principales objetivos de ACUA son<\/h3><\/div><div class=\"fusion-text fusion-text-1\"><p>La Asociaci\u00f3n de Comerciantes Unidos de Alicante ACUA es una entidad que agrupa a m\u00e1s de 200 comerciantes y profesionales del barrio de La Florida y zonas aleda\u00f1as. Su misi\u00f3n es defender los intereses del sector, fomentar el desarrollo econ\u00f3mico y social de la zona, y ofrecer servicios y ventajas a sus asociados.<\/p>\n<\/div><ul style=\"--awb-item-padding-top:10px;--awb-iconcolor:var(--awb-color8);--awb-line-height:27.2px;--awb-icon-width:27.2px;--awb-icon-height:27.2px;--awb-icon-margin:11.2px;--awb-content-margin:38.4px;--awb-circlecolor:hsla(var(--awb-color4-h),var(--awb-color4-s),var(--awb-color4-l),calc(var(--awb-color4-a) - 90%));--awb-circle-yes-font-size:14.08px;\" class=\"fusion-checklist fusion-checklist-1 type-numbered\"><li class=\"fusion-li-item\" style=\"\"><span class=\"icon-wrapper circle-yes\">1<\/span><div class=\"fusion-li-item-content\">\n<p>Representar y defender los intereses de los asociados en la ciudad de  Alicante.<\/p>\n<\/div><\/li><li class=\"fusion-li-item\" style=\"\"><span class=\"icon-wrapper circle-yes\">2<\/span><div class=\"fusion-li-item-content\">Promover el desarrollo econ\u00f3mico y social del sector comercial y de servicios en el barrio.<\/div><\/li><li class=\"fusion-li-item\" style=\"\"><span class=\"icon-wrapper circle-yes\">3<\/span><div class=\"fusion-li-item-content\">Fomentar la colaboraci\u00f3n y la participaci\u00f3n entre los asociados y con otras entidades p\u00fablicas y privadas.<\/div><\/li><li class=\"fusion-li-item\" style=\"\"><span class=\"icon-wrapper circle-yes\">4<\/span><div class=\"fusion-li-item-content\">Impulsar la innovaci\u00f3n, la formaci\u00f3n, la calidad y la competitividad de los establecimientos asociados.<\/div><\/li><li class=\"fusion-li-item\" style=\"\"><span class=\"icon-wrapper circle-yes\">5<\/span><div class=\"fusion-li-item-content\">Dinamizar el comercio local y atraer a nuevos clientes mediante campa\u00f1as de promoci\u00f3n, animaci\u00f3n y fidelizaci\u00f3n.<\/div><\/li><\/ul><\/div><\/div><\/div><\/div>\n","protected":false},"excerpt":{"rendered":"","protected":false},"author":1,"featured_media":0,"parent":0,"menu_order":0,"comment_status":"closed","ping_status":"closed","template":"100-width.php","meta":{"_bbp_topic_count":0,"_bbp_reply_count":0,"_bbp_total_topic_count":0,"_bbp_total_reply_count":0,"_bbp_voice_count":0,"_bbp_anonymous_reply_count":0,"_bbp_topic_count_hidden":0,"_bbp_reply_count_hidden":0,"_bbp_forum_subforum_count":0,"footnotes":""},"acf":[],"_links":{"self":[{"href":"https:\/\/acuacomercio.es\/index.php?rest_route=\/wp\/v2\/pages\/1542"}],"collection":[{"href":"https:\/\/acuacomercio.es\/index.php?rest_route=\/wp\/v2\/pages"}],"about":[{"href":"https:\/\/acuacomercio.es\/index.php?rest_route=\/wp\/v2\/types\/page"}],"author":[{"embeddable":true,"href":"https:\/\/acuacomercio.es\/index.php?rest_route=\/wp\/v2\/users\/1"}],"replies":[{"embeddable":true,"href":"https:\/\/acuacomercio.es\/index.php?rest_route=%2Fwp%2Fv2%2Fcomments&post=1542"}],"version-history":[{"count":7,"href":"https:\/\/acuacomercio.es\/index.php?rest_route=\/wp\/v2\/pages\/1542\/revisions"}],"predecessor-version":[{"id":2164,"href":"https:\/\/acuacomercio.es\/index.php?rest_route=\/wp\/v2\/pages\/1542\/revisions\/2164"}],"wp:attachment":[{"href":"https:\/\/acuacomercio.es\/index.php?rest_route=%2Fwp%2Fv2%2Fmedia&parent=1542"}],"curies":[{"name":"wp","href":"https:\/\/api.w.org\/{rel}","templated":true}]}}